{"id":5874,"date":"2022-02-16T13:14:36","date_gmt":"2022-02-16T13:14:36","guid":{"rendered":"https:\/\/www.lacartadigital.online\/?page_id=5874"},"modified":"2022-02-16T13:14:37","modified_gmt":"2022-02-16T13:14:37","slug":"lena_infusiones","status":"publish","type":"page","link":"https:\/\/www.lacartadigital.online\/index.php\/lena_infusiones\/","title":{"rendered":"le\u00f1a_infusiones"},"content":{"rendered":"\t\t\t\t<div class=\"wp-block-uagb-table-of-contents uagb-toc__align-left uagb-toc__columns-1   uagb-block-fda2fd4d \" \n\t\t\t\t\tdata-scroll= \"1\"\n\t\t\t\t\tdata-offset= \"30\"\n\t\t\t\t\tdata-delay= \"800\"\n\t\t\t\t>\n\t\t\t\t<div class=\"uagb-toc__wrap\">\n\t\t\t\t\t<div class=\"uagb-toc__title-wrap\">\n\t\t\t\t\t\t<div class=\"uagb-toc__title\">\n\t\t\t\t\t\t\tNuestras Infusiones y T\u00e9s\t\t\t\t\t\t<\/div>\n\t\t\t\t\t\t\t\t\t\t\t\t\t<span class=\"uag-toc__collapsible-wrap\">\t\t\t<svg xmlns=\"https:\/\/www.w3.org\/2000\/svg\" viewBox= \"0 0 448 512\"><path d=\"M448 80v352c0 26.5-21.5 48-48 48H48c-26.5 0-48-21.5-48-48V80c0-26.5 21.5-48 48-48h352c26.5 0 48 21.5 48 48zM92.5 220.5l123 123c4.7 4.7 12.3 4.7 17 0l123-123c7.6-7.6 2.2-20.5-8.5-20.5H101c-10.7 0-16.1 12.9-8.5 20.5z\"><\/path><\/svg>\n\t\t\t<\/span>\n\t\t\t\t\t\t\t\t\t\t\t\t<\/div>\n\t\t\t\t\t\t\t\t\t\t<div class=\"uagb-toc__list-wrap\">\n\t\t\t\t\t\t<ol class=\"uagb-toc__list\"><li class=\"uagb-toc__list\"><a href=\"#ts-e-infusiones\">T\u00e9s e Infusiones<\/a><\/ol>\t\t\t\t\t<\/div>\n\t\t\t\t\t\t\t\t\t<\/div>\n\t\t\t\t<\/div>\n\t\t\t\n\n\n<div style=\"height:35px\" aria-hidden=\"true\" class=\"wp-block-spacer\"><\/div>\n\n\n\n<h2 class=\"alignwide has-text-align-center has-background wp-block-heading\" style=\"background-color:#a37c00\">T\u00e9s e Infusiones<\/h2>\n\n\n\n<div class=\"wp-block-uagb-restaurant-menu uagb-rest_menu__outer-wrap uagb-block-17c9588b\">\n<div class=\"uagb-rest_menu__wrap uagb-rest_menu_repeater  uagb-rm__align-left uagb-rm__desk-column-1 uagb-rm__tablet-column-2 uagb-rm__mobile-column-1 \"><div class=\"uagb-rest_menu__outer-wrap uagb-block-11fb0b4d\"><div class=\" uagb-rm__align-left uagb-rm__desk-column-1 uagb-rm__tablet-column-2 uagb-rm__mobile-column-1 \"><div class=\"uagb-rm__content\"><div class=\"uagb-rm__text-wrap\"><div class=\"uagb-rm-details\"><div class=\"uagb-rm__title-wrap\"><h4 class=\"uagb-rm__title\">T\u00e9 verde cerezas<br>T\u00e9 negro<br>Frutas del bosque<br>T\u00e9 verde con hierba buena<br>T\u00e9 verde con jengibre y lim\u00f3n<br>Manzanilla<br>Menta poleo<br>T\u00e9 negro cacao\/vainilla<br>Naranja maracuy\u00e1<br>T\u00e9 negro con naranja<br>T\u00e9negro paquistan\u00ed<br>Rooibos pi\u00f1a\/coco<br>Puerh yunnan<br>Tila<br>T\u00e9 verde china gan power<br><\/h4><div class=\"uagb-rest-menu-text-wrap\"><div class=\"uagb-rm__desc\"><\/div><\/div><\/div><div class=\"uagb-rm__price-wrap\"><span class=\"uagb-rm__price\">1,70<\/span><\/div><\/div><\/div><\/div><div class=\"uagb-rm__separator-parent\"><div class=\"uagb-rm__separator\"><\/div><\/div><\/div><\/div><\/div>\n<\/div>\n\n\n\n<figure class=\"wp-block-gallery columns-3 is-cropped wp-block-gallery-1 is-layout-flex wp-block-gallery-is-layout-flex\"><ul class=\"blocks-gallery-grid\"><li class=\"blocks-gallery-item\"><figure><img fetchpriority=\"high\" decoding=\"async\" width=\"768\" height=\"1024\" src=\"https:\/\/www.lacartadigital.online\/wp-content\/uploads\/2022\/02\/WhatsApp-Image-2022-02-10-at-18.44.49-1-1.jpeg\" alt=\"\" data-id=\"5797\" data-full-url=\"https:\/\/www.lacartadigital.online\/wp-content\/uploads\/2022\/02\/WhatsApp-Image-2022-02-10-at-18.44.49-1-1.jpeg\" data-link=\"https:\/\/www.lacartadigital.online\/index.php\/lena_desayunos\/whatsapp-image-2022-02-10-at-18-44-49-1-1\/#main\" class=\"wp-image-5797\" srcset=\"https:\/\/www.lacartadigital.online\/wp-content\/uploads\/2022\/02\/WhatsApp-Image-2022-02-10-at-18.44.49-1-1.jpeg 768w, https:\/\/www.lacartadigital.online\/wp-content\/uploads\/2022\/02\/WhatsApp-Image-2022-02-10-at-18.44.49-1-1-225x300.jpeg 225w\" sizes=\"(max-width: 768px) 100vw, 768px\" \/><\/figure><\/li><li class=\"blocks-gallery-item\"><figure><img decoding=\"async\" width=\"1600\" height=\"1231\" src=\"https:\/\/www.lacartadigital.online\/wp-content\/uploads\/2022\/02\/WhatsApp-Image-2022-02-11-at-11.51.35.jpeg\" alt=\"\" data-id=\"5762\" data-full-url=\"https:\/\/www.lacartadigital.online\/wp-content\/uploads\/2022\/02\/WhatsApp-Image-2022-02-11-at-11.51.35.jpeg\" data-link=\"https:\/\/www.lacartadigital.online\/whatsapp-image-2022-02-11-at-11-51-35\/\" class=\"wp-image-5762\" srcset=\"https:\/\/www.lacartadigital.online\/wp-content\/uploads\/2022\/02\/WhatsApp-Image-2022-02-11-at-11.51.35.jpeg 1600w, https:\/\/www.lacartadigital.online\/wp-content\/uploads\/2022\/02\/WhatsApp-Image-2022-02-11-at-11.51.35-300x231.jpeg 300w, https:\/\/www.lacartadigital.online\/wp-content\/uploads\/2022\/02\/WhatsApp-Image-2022-02-11-at-11.51.35-1024x788.jpeg 1024w, https:\/\/www.lacartadigital.online\/wp-content\/uploads\/2022\/02\/WhatsApp-Image-2022-02-11-at-11.51.35-768x591.jpeg 768w, https:\/\/www.lacartadigital.online\/wp-content\/uploads\/2022\/02\/WhatsApp-Image-2022-02-11-at-11.51.35-1536x1182.jpeg 1536w\" sizes=\"(max-width: 1600px) 100vw, 1600px\" \/><\/figure><\/li><li class=\"blocks-gallery-item\"><figure><img decoding=\"async\" width=\"1368\" height=\"1824\" src=\"https:\/\/www.lacartadigital.online\/wp-content\/uploads\/2022\/02\/WhatsApp-Image-2022-02-11-at-11.52.39.jpeg\" alt=\"\" data-id=\"5760\" data-full-url=\"https:\/\/www.lacartadigital.online\/wp-content\/uploads\/2022\/02\/WhatsApp-Image-2022-02-11-at-11.52.39.jpeg\" data-link=\"https:\/\/www.lacartadigital.online\/whatsapp-image-2022-02-11-at-11-52-39\/\" class=\"wp-image-5760\" srcset=\"https:\/\/www.lacartadigital.online\/wp-content\/uploads\/2022\/02\/WhatsApp-Image-2022-02-11-at-11.52.39.jpeg 1368w, https:\/\/www.lacartadigital.online\/wp-content\/uploads\/2022\/02\/WhatsApp-Image-2022-02-11-at-11.52.39-225x300.jpeg 225w, https:\/\/www.lacartadigital.online\/wp-content\/uploads\/2022\/02\/WhatsApp-Image-2022-02-11-at-11.52.39-768x1024.jpeg 768w, https:\/\/www.lacartadigital.online\/wp-content\/uploads\/2022\/02\/WhatsApp-Image-2022-02-11-at-11.52.39-1152x1536.jpeg 1152w\" sizes=\"(max-width: 1368px) 100vw, 1368px\" \/><\/figure><\/li><li class=\"blocks-gallery-item\"><figure><img loading=\"lazy\" decoding=\"async\" width=\"1368\" height=\"1824\" src=\"https:\/\/www.lacartadigital.online\/wp-content\/uploads\/2022\/02\/WhatsApp-Image-2022-02-11-at-11.53.49.jpeg\" alt=\"\" data-id=\"5756\" data-full-url=\"https:\/\/www.lacartadigital.online\/wp-content\/uploads\/2022\/02\/WhatsApp-Image-2022-02-11-at-11.53.49.jpeg\" data-link=\"https:\/\/www.lacartadigital.online\/whatsapp-image-2022-02-11-at-11-53-49\/\" class=\"wp-image-5756\" srcset=\"https:\/\/www.lacartadigital.online\/wp-content\/uploads\/2022\/02\/WhatsApp-Image-2022-02-11-at-11.53.49.jpeg 1368w, https:\/\/www.lacartadigital.online\/wp-content\/uploads\/2022\/02\/WhatsApp-Image-2022-02-11-at-11.53.49-225x300.jpeg 225w, https:\/\/www.lacartadigital.online\/wp-content\/uploads\/2022\/02\/WhatsApp-Image-2022-02-11-at-11.53.49-768x1024.jpeg 768w, https:\/\/www.lacartadigital.online\/wp-content\/uploads\/2022\/02\/WhatsApp-Image-2022-02-11-at-11.53.49-1152x1536.jpeg 1152w\" sizes=\"(max-width: 1368px) 100vw, 1368px\" \/><\/figure><\/li><li class=\"blocks-gallery-item\"><figure><img loading=\"lazy\" decoding=\"async\" width=\"768\" height=\"1024\" src=\"https:\/\/www.lacartadigital.online\/wp-content\/uploads\/2022\/02\/WhatsApp-Image-2022-02-10-at-18.44.49-2-1.jpeg\" alt=\"\" data-id=\"5793\" data-full-url=\"https:\/\/www.lacartadigital.online\/wp-content\/uploads\/2022\/02\/WhatsApp-Image-2022-02-10-at-18.44.49-2-1.jpeg\" data-link=\"https:\/\/www.lacartadigital.online\/index.php\/lena_desayunos\/whatsapp-image-2022-02-10-at-18-44-49-2-1\/#main\" class=\"wp-image-5793\" srcset=\"https:\/\/www.lacartadigital.online\/wp-content\/uploads\/2022\/02\/WhatsApp-Image-2022-02-10-at-18.44.49-2-1.jpeg 768w, https:\/\/www.lacartadigital.online\/wp-content\/uploads\/2022\/02\/WhatsApp-Image-2022-02-10-at-18.44.49-2-1-225x300.jpeg 225w\" sizes=\"(max-width: 768px) 100vw, 768px\" \/><\/figure><\/li><li class=\"blocks-gallery-item\"><figure><img loading=\"lazy\" decoding=\"async\" width=\"1368\" height=\"1824\" src=\"https:\/\/www.lacartadigital.online\/wp-content\/uploads\/2022\/02\/WhatsApp-Image-2022-02-11-at-11.54.37.jpeg\" alt=\"\" data-id=\"5754\" data-full-url=\"https:\/\/www.lacartadigital.online\/wp-content\/uploads\/2022\/02\/WhatsApp-Image-2022-02-11-at-11.54.37.jpeg\" data-link=\"https:\/\/www.lacartadigital.online\/whatsapp-image-2022-02-11-at-11-54-37\/\" class=\"wp-image-5754\" srcset=\"https:\/\/www.lacartadigital.online\/wp-content\/uploads\/2022\/02\/WhatsApp-Image-2022-02-11-at-11.54.37.jpeg 1368w, https:\/\/www.lacartadigital.online\/wp-content\/uploads\/2022\/02\/WhatsApp-Image-2022-02-11-at-11.54.37-225x300.jpeg 225w, https:\/\/www.lacartadigital.online\/wp-content\/uploads\/2022\/02\/WhatsApp-Image-2022-02-11-at-11.54.37-768x1024.jpeg 768w, https:\/\/www.lacartadigital.online\/wp-content\/uploads\/2022\/02\/WhatsApp-Image-2022-02-11-at-11.54.37-1152x1536.jpeg 1152w\" sizes=\"(max-width: 1368px) 100vw, 1368px\" \/><\/figure><\/li><li class=\"blocks-gallery-item\"><figure><img loading=\"lazy\" decoding=\"async\" width=\"1368\" height=\"1824\" src=\"https:\/\/www.lacartadigital.online\/wp-content\/uploads\/2022\/02\/WhatsApp-Image-2022-02-11-at-11.53.33.jpeg\" alt=\"\" data-id=\"5757\" data-full-url=\"https:\/\/www.lacartadigital.online\/wp-content\/uploads\/2022\/02\/WhatsApp-Image-2022-02-11-at-11.53.33.jpeg\" data-link=\"https:\/\/www.lacartadigital.online\/whatsapp-image-2022-02-11-at-11-53-33\/\" class=\"wp-image-5757\" srcset=\"https:\/\/www.lacartadigital.online\/wp-content\/uploads\/2022\/02\/WhatsApp-Image-2022-02-11-at-11.53.33.jpeg 1368w, https:\/\/www.lacartadigital.online\/wp-content\/uploads\/2022\/02\/WhatsApp-Image-2022-02-11-at-11.53.33-225x300.jpeg 225w, https:\/\/www.lacartadigital.online\/wp-content\/uploads\/2022\/02\/WhatsApp-Image-2022-02-11-at-11.53.33-768x1024.jpeg 768w, https:\/\/www.lacartadigital.online\/wp-content\/uploads\/2022\/02\/WhatsApp-Image-2022-02-11-at-11.53.33-1152x1536.jpeg 1152w\" sizes=\"(max-width: 1368px) 100vw, 1368px\" \/><\/figure><\/li><li class=\"blocks-gallery-item\"><figure><img loading=\"lazy\" decoding=\"async\" width=\"1368\" height=\"1824\" src=\"https:\/\/www.lacartadigital.online\/wp-content\/uploads\/2022\/02\/WhatsApp-Image-2022-02-11-at-11.53.11.jpeg\" alt=\"\" data-id=\"5758\" data-full-url=\"https:\/\/www.lacartadigital.online\/wp-content\/uploads\/2022\/02\/WhatsApp-Image-2022-02-11-at-11.53.11.jpeg\" data-link=\"https:\/\/www.lacartadigital.online\/whatsapp-image-2022-02-11-at-11-53-11\/\" class=\"wp-image-5758\" srcset=\"https:\/\/www.lacartadigital.online\/wp-content\/uploads\/2022\/02\/WhatsApp-Image-2022-02-11-at-11.53.11.jpeg 1368w, https:\/\/www.lacartadigital.online\/wp-content\/uploads\/2022\/02\/WhatsApp-Image-2022-02-11-at-11.53.11-225x300.jpeg 225w, https:\/\/www.lacartadigital.online\/wp-content\/uploads\/2022\/02\/WhatsApp-Image-2022-02-11-at-11.53.11-768x1024.jpeg 768w, https:\/\/www.lacartadigital.online\/wp-content\/uploads\/2022\/02\/WhatsApp-Image-2022-02-11-at-11.53.11-1152x1536.jpeg 1152w\" sizes=\"(max-width: 1368px) 100vw, 1368px\" \/><\/figure><\/li><li class=\"blocks-gallery-item\"><figure><img loading=\"lazy\" decoding=\"async\" width=\"768\" height=\"1024\" src=\"https:\/\/www.lacartadigital.online\/wp-content\/uploads\/2022\/02\/WhatsApp-Image-2022-02-10-at-18.44.49-3-1.jpeg\" alt=\"\" data-id=\"5800\" data-full-url=\"https:\/\/www.lacartadigital.online\/wp-content\/uploads\/2022\/02\/WhatsApp-Image-2022-02-10-at-18.44.49-3-1.jpeg\" data-link=\"https:\/\/www.lacartadigital.online\/index.php\/lena_desayunos\/whatsapp-image-2022-02-10-at-18-44-49-3-1\/#main\" class=\"wp-image-5800\" srcset=\"https:\/\/www.lacartadigital.online\/wp-content\/uploads\/2022\/02\/WhatsApp-Image-2022-02-10-at-18.44.49-3-1.jpeg 768w, https:\/\/www.lacartadigital.online\/wp-content\/uploads\/2022\/02\/WhatsApp-Image-2022-02-10-at-18.44.49-3-1-225x300.jpeg 225w\" sizes=\"(max-width: 768px) 100vw, 768px\" \/><\/figure><\/li><\/ul><\/figure>\n","protected":false},"excerpt":{"rendered":"<p>T\u00e9s e Infusiones<\/p>\n","protected":false},"author":1,"featured_media":5789,"parent":0,"menu_order":0,"comment_status":"closed","ping_status":"closed","template":"","meta":{"_mi_skip_tracking":false,"footnotes":""},"class_list":["post-5874","page","type-page","status-publish","has-post-thumbnail"],"yoast_head":"<!-- This site is optimized with the Yoast SEO plugin v18.6 - https:\/\/yoast.com\/wordpress\/plugins\/seo\/ -->\n<title>le\u00f1a_infusiones - La Carta Digital<\/title>\n<meta name=\"robots\" content=\"index, follow, max-snippet:-1, max-image-preview:large, max-video-preview:-1\" \/>\n<link rel=\"canonical\" href=\"https:\/\/www.lacartadigital.online\/index.php\/lena_infusiones\/\" \/>\n<meta property=\"og:locale\" content=\"es_ES\" \/>\n<meta property=\"og:type\" content=\"article\" \/>\n<meta property=\"og:title\" content=\"le\u00f1a_infusiones - La Carta Digital\" \/>\n<meta property=\"og:description\" content=\"T\u00e9s e Infusiones\" \/>\n<meta property=\"og:url\" content=\"https:\/\/www.lacartadigital.online\/index.php\/lena_infusiones\/\" \/>\n<meta property=\"og:site_name\" content=\"La Carta Digital\" \/>\n<meta property=\"article:modified_time\" content=\"2022-02-16T13:14:37+00:00\" \/>\n<meta property=\"og:image\" content=\"https:\/\/www.lacartadigital.online\/wp-content\/uploads\/2022\/02\/WhatsApp-Image-2022-02-10-at-18.44.49.jpeg\" \/>\n\t<meta property=\"og:image:width\" content=\"989\" \/>\n\t<meta property=\"og:image:height\" content=\"1024\" \/>\n\t<meta property=\"og:image:type\" content=\"image\/jpeg\" \/>\n<meta name=\"twitter:card\" content=\"summary_large_image\" \/>\n<meta name=\"twitter:label1\" content=\"Tiempo de lectura\" \/>\n\t<meta name=\"twitter:data1\" content=\"2 minutos\" \/>\n<script type=\"application\/ld+json\" class=\"yoast-schema-graph\">{\"@context\":\"https:\/\/schema.org\",\"@graph\":[{\"@type\":\"WebSite\",\"@id\":\"https:\/\/www.lacartadigital.online\/#website\",\"url\":\"https:\/\/www.lacartadigital.online\/\",\"name\":\"La Carta Digital\",\"description\":\"\",\"potentialAction\":[{\"@type\":\"SearchAction\",\"target\":{\"@type\":\"EntryPoint\",\"urlTemplate\":\"https:\/\/www.lacartadigital.online\/?s={search_term_string}\"},\"query-input\":\"required name=search_term_string\"}],\"inLanguage\":\"es\"},{\"@type\":\"ImageObject\",\"@id\":\"https:\/\/www.lacartadigital.online\/index.php\/lena_infusiones\/#primaryimage\",\"inLanguage\":\"es\",\"url\":\"https:\/\/www.lacartadigital.online\/wp-content\/uploads\/2022\/02\/WhatsApp-Image-2022-02-10-at-18.44.49.jpeg\",\"contentUrl\":\"https:\/\/www.lacartadigital.online\/wp-content\/uploads\/2022\/02\/WhatsApp-Image-2022-02-10-at-18.44.49.jpeg\",\"width\":989,\"height\":1024},{\"@type\":\"WebPage\",\"@id\":\"https:\/\/www.lacartadigital.online\/index.php\/lena_infusiones\/#webpage\",\"url\":\"https:\/\/www.lacartadigital.online\/index.php\/lena_infusiones\/\",\"name\":\"le\u00f1a_infusiones - La Carta Digital\",\"isPartOf\":{\"@id\":\"https:\/\/www.lacartadigital.online\/#website\"},\"primaryImageOfPage\":{\"@id\":\"https:\/\/www.lacartadigital.online\/index.php\/lena_infusiones\/#primaryimage\"},\"datePublished\":\"2022-02-16T13:14:36+00:00\",\"dateModified\":\"2022-02-16T13:14:37+00:00\",\"breadcrumb\":{\"@id\":\"https:\/\/www.lacartadigital.online\/index.php\/lena_infusiones\/#breadcrumb\"},\"inLanguage\":\"es\",\"potentialAction\":[{\"@type\":\"ReadAction\",\"target\":[\"https:\/\/www.lacartadigital.online\/index.php\/lena_infusiones\/\"]}]},{\"@type\":\"BreadcrumbList\",\"@id\":\"https:\/\/www.lacartadigital.online\/index.php\/lena_infusiones\/#breadcrumb\",\"itemListElement\":[{\"@type\":\"ListItem\",\"position\":1,\"name\":\"Portada\",\"item\":\"https:\/\/www.lacartadigital.online\/\"},{\"@type\":\"ListItem\",\"position\":2,\"name\":\"le\u00f1a_infusiones\"}]}]}<\/script>\n<!-- \/ Yoast SEO plugin. -->","yoast_head_json":{"title":"le\u00f1a_infusiones - La Carta Digital","robots":{"index":"index","follow":"follow","max-snippet":"max-snippet:-1","max-image-preview":"max-image-preview:large","max-video-preview":"max-video-preview:-1"},"canonical":"https:\/\/www.lacartadigital.online\/index.php\/lena_infusiones\/","og_locale":"es_ES","og_type":"article","og_title":"le\u00f1a_infusiones - La Carta Digital","og_description":"T\u00e9s e Infusiones","og_url":"https:\/\/www.lacartadigital.online\/index.php\/lena_infusiones\/","og_site_name":"La Carta Digital","article_modified_time":"2022-02-16T13:14:37+00:00","og_image":[{"width":989,"height":1024,"url":"https:\/\/www.lacartadigital.online\/wp-content\/uploads\/2022\/02\/WhatsApp-Image-2022-02-10-at-18.44.49.jpeg","type":"image\/jpeg"}],"twitter_card":"summary_large_image","twitter_misc":{"Tiempo de lectura":"2 minutos"},"schema":{"@context":"https:\/\/schema.org","@graph":[{"@type":"WebSite","@id":"https:\/\/www.lacartadigital.online\/#website","url":"https:\/\/www.lacartadigital.online\/","name":"La Carta Digital","description":"","potentialAction":[{"@type":"SearchAction","target":{"@type":"EntryPoint","urlTemplate":"https:\/\/www.lacartadigital.online\/?s={search_term_string}"},"query-input":"required name=search_term_string"}],"inLanguage":"es"},{"@type":"ImageObject","@id":"https:\/\/www.lacartadigital.online\/index.php\/lena_infusiones\/#primaryimage","inLanguage":"es","url":"https:\/\/www.lacartadigital.online\/wp-content\/uploads\/2022\/02\/WhatsApp-Image-2022-02-10-at-18.44.49.jpeg","contentUrl":"https:\/\/www.lacartadigital.online\/wp-content\/uploads\/2022\/02\/WhatsApp-Image-2022-02-10-at-18.44.49.jpeg","width":989,"height":1024},{"@type":"WebPage","@id":"https:\/\/www.lacartadigital.online\/index.php\/lena_infusiones\/#webpage","url":"https:\/\/www.lacartadigital.online\/index.php\/lena_infusiones\/","name":"le\u00f1a_infusiones - La Carta Digital","isPartOf":{"@id":"https:\/\/www.lacartadigital.online\/#website"},"primaryImageOfPage":{"@id":"https:\/\/www.lacartadigital.online\/index.php\/lena_infusiones\/#primaryimage"},"datePublished":"2022-02-16T13:14:36+00:00","dateModified":"2022-02-16T13:14:37+00:00","breadcrumb":{"@id":"https:\/\/www.lacartadigital.online\/index.php\/lena_infusiones\/#breadcrumb"},"inLanguage":"es","potentialAction":[{"@type":"ReadAction","target":["https:\/\/www.lacartadigital.online\/index.php\/lena_infusiones\/"]}]},{"@type":"BreadcrumbList","@id":"https:\/\/www.lacartadigital.online\/index.php\/lena_infusiones\/#breadcrumb","itemListElement":[{"@type":"ListItem","position":1,"name":"Portada","item":"https:\/\/www.lacartadigital.online\/"},{"@type":"ListItem","position":2,"name":"le\u00f1a_infusiones"}]}]}},"uagb_featured_image_src":{"full":["https:\/\/www.lacartadigital.online\/wp-content\/uploads\/2022\/02\/WhatsApp-Image-2022-02-10-at-18.44.49.jpeg",989,1024,false],"thumbnail":["https:\/\/www.lacartadigital.online\/wp-content\/uploads\/2022\/02\/WhatsApp-Image-2022-02-10-at-18.44.49-150x150.jpeg",150,150,true],"medium":["https:\/\/www.lacartadigital.online\/wp-content\/uploads\/2022\/02\/WhatsApp-Image-2022-02-10-at-18.44.49-290x300.jpeg",290,300,true],"medium_large":["https:\/\/www.lacartadigital.online\/wp-content\/uploads\/2022\/02\/WhatsApp-Image-2022-02-10-at-18.44.49-768x795.jpeg",768,795,true],"large":["https:\/\/www.lacartadigital.online\/wp-content\/uploads\/2022\/02\/WhatsApp-Image-2022-02-10-at-18.44.49.jpeg",989,1024,false],"1536x1536":["https:\/\/www.lacartadigital.online\/wp-content\/uploads\/2022\/02\/WhatsApp-Image-2022-02-10-at-18.44.49.jpeg",989,1024,false],"2048x2048":["https:\/\/www.lacartadigital.online\/wp-content\/uploads\/2022\/02\/WhatsApp-Image-2022-02-10-at-18.44.49.jpeg",989,1024,false]},"uagb_author_info":{"display_name":"admin","author_link":"https:\/\/www.lacartadigital.online\/index.php\/author\/admin\/"},"uagb_comment_info":0,"uagb_excerpt":"T\u00e9s e Infusiones","_links":{"self":[{"href":"https:\/\/www.lacartadigital.online\/index.php\/wp-json\/wp\/v2\/pages\/5874","targetHints":{"allow":["GET"]}}],"collection":[{"href":"https:\/\/www.lacartadigital.online\/index.php\/wp-json\/wp\/v2\/pages"}],"about":[{"href":"https:\/\/www.lacartadigital.online\/index.php\/wp-json\/wp\/v2\/types\/page"}],"author":[{"embeddable":true,"href":"https:\/\/www.lacartadigital.online\/index.php\/wp-json\/wp\/v2\/users\/1"}],"replies":[{"embeddable":true,"href":"https:\/\/www.lacartadigital.online\/index.php\/wp-json\/wp\/v2\/comments?post=5874"}],"version-history":[{"count":3,"href":"https:\/\/www.lacartadigital.online\/index.php\/wp-json\/wp\/v2\/pages\/5874\/revisions"}],"predecessor-version":[{"id":5887,"href":"https:\/\/www.lacartadigital.online\/index.php\/wp-json\/wp\/v2\/pages\/5874\/revisions\/5887"}],"wp:featuredmedia":[{"embeddable":true,"href":"https:\/\/www.lacartadigital.online\/index.php\/wp-json\/wp\/v2\/media\/5789"}],"wp:attachment":[{"href":"https:\/\/www.lacartadigital.online\/index.php\/wp-json\/wp\/v2\/media?parent=5874"}],"curies":[{"name":"wp","href":"https:\/\/api.w.org\/{rel}","templated":true}]}}