{"id":9196,"date":"2023-05-24T12:00:08","date_gmt":"2023-05-24T12:00:08","guid":{"rendered":"https:\/\/www.lacartadigital.online\/?page_id=9196"},"modified":"2023-08-04T10:00:25","modified_gmt":"2023-08-04T10:00:25","slug":"lena_menu_del_dia","status":"publish","type":"page","link":"https:\/\/www.lacartadigital.online\/index.php\/lena_menu_del_dia\/","title":{"rendered":"le\u00f1a_menu_del_dia"},"content":{"rendered":"\t\t\t\t<div class=\"wp-block-uagb-table-of-contents uagb-toc__align-left uagb-toc__columns-1   uagb-block-0a5255b0 \" \n\t\t\t\t\tdata-scroll= \"1\"\n\t\t\t\t\tdata-offset= \"30\"\n\t\t\t\t\tdata-delay= \"800\"\n\t\t\t\t>\n\t\t\t\t<div class=\"uagb-toc__wrap\">\n\t\t\t\t\t<div class=\"uagb-toc__title-wrap\">\n\t\t\t\t\t\t<div class=\"uagb-toc__title\">\n\t\t\t\t\t\t\tNuestro Men\u00fa del d\u00eda\t\t\t\t\t\t<\/div>\n\t\t\t\t\t\t\t\t\t\t\t\t\t<span class=\"uag-toc__collapsible-wrap\">\t\t\t<svg xmlns=\"https:\/\/www.w3.org\/2000\/svg\" viewBox= \"0 0 448 512\"><path d=\"M448 80v352c0 26.5-21.5 48-48 48H48c-26.5 0-48-21.5-48-48V80c0-26.5 21.5-48 48-48h352c26.5 0 48 21.5 48 48zM92.5 220.5l123 123c4.7 4.7 12.3 4.7 17 0l123-123c7.6-7.6 2.2-20.5-8.5-20.5H101c-10.7 0-16.1 12.9-8.5 20.5z\"><\/path><\/svg>\n\t\t\t<\/span>\n\t\t\t\t\t\t\t\t\t\t\t\t<\/div>\n\t\t\t\t\t\t\t\t\t\t<div class=\"uagb-toc__list-wrap\">\n\t\t\t\t\t\t<ol class=\"uagb-toc__list\"><li class=\"uagb-toc__list\"><a href=\"#men-del-da-1390\">Men\u00fa del d\u00eda &#8212; 13,90\u20ac<\/a><\/ol>\t\t\t\t\t<\/div>\n\t\t\t\t\t\t\t\t\t<\/div>\n\t\t\t\t<\/div>\n\t\t\t\n\n\n<div style=\"height:35px\" aria-hidden=\"true\" class=\"wp-block-spacer\"><\/div>\n\n\n\n<div class=\"wp-block-image\"><figure class=\"aligncenter size-large\"><img fetchpriority=\"high\" decoding=\"async\" width=\"1024\" height=\"1024\" src=\"https:\/\/www.lacartadigital.online\/wp-content\/uploads\/2022\/02\/Sin-titulo-30-\u00d7-30-cm-1024x1024.jpg\" alt=\"\" class=\"wp-image-5851\" srcset=\"https:\/\/www.lacartadigital.online\/wp-content\/uploads\/2022\/02\/Sin-titulo-30-\u00d7-30-cm-1024x1024.jpg 1024w, https:\/\/www.lacartadigital.online\/wp-content\/uploads\/2022\/02\/Sin-titulo-30-\u00d7-30-cm-300x300.jpg 300w, https:\/\/www.lacartadigital.online\/wp-content\/uploads\/2022\/02\/Sin-titulo-30-\u00d7-30-cm-150x150.jpg 150w, https:\/\/www.lacartadigital.online\/wp-content\/uploads\/2022\/02\/Sin-titulo-30-\u00d7-30-cm-768x768.jpg 768w, https:\/\/www.lacartadigital.online\/wp-content\/uploads\/2022\/02\/Sin-titulo-30-\u00d7-30-cm-1536x1536.jpg 1536w, https:\/\/www.lacartadigital.online\/wp-content\/uploads\/2022\/02\/Sin-titulo-30-\u00d7-30-cm.jpg 2000w\" sizes=\"(max-width: 1024px) 100vw, 1024px\" \/><\/figure><\/div>\n\n\n\n<div class=\"wp-block-uagb-restaurant-menu uagb-rest_menu__outer-wrap uagb-block-65a3020e\"><\/div>\n\n\n\n<h3 class=\"has-text-align-center has-base-background-color has-text-color has-background wp-block-heading\" style=\"color:#595f5f\">Men\u00fa del d\u00eda &#8212; 13,90\u20ac<\/h3>\n\n\n\n<p class=\"has-text-align-center\">Incluye: un primero, un segundo, bebida postre o caf\u00e9<\/p>\n\n\n\n<h2 class=\"has-text-align-center has-background wp-block-heading\" style=\"background-color:#a37c00\">Primeros<\/h2>\n\n\n\n<div class=\"wp-block-uagb-restaurant-menu uagb-rest_menu__outer-wrap uagb-block-43a4c492\">\n<div class=\"uagb-rest_menu__wrap uagb-rest_menu_repeater  uagb-rm__align-left uagb-rm__desk-column-1 uagb-rm__tablet-column-2 uagb-rm__mobile-column-1 \"><div class=\"uagb-rest_menu__outer-wrap uagb-block-bfcd97aa\"><div class=\" uagb-rm__align-left uagb-rm__desk-column-1 uagb-rm__tablet-column-2 uagb-rm__mobile-column-1 \"><div class=\"uagb-rm__content\"><div class=\"uagb-rm__text-wrap\"><div class=\"uagb-rm-details\"><div class=\"uagb-rm__title-wrap\"><h4 class=\"uagb-rm__title\">Timbal de tomate, queso fresco y boquerones<\/h4><div class=\"uagb-rest-menu-text-wrap\"><div class=\"uagb-rm__desc\"><\/div><\/div><\/div><div class=\"uagb-rm__price-wrap\"><span class=\"uagb-rm__price\"><\/span><\/div><\/div><\/div><\/div><div class=\"uagb-rm__separator-parent\"><div class=\"uagb-rm__separator\"><\/div><\/div><\/div><\/div><\/div>\n\n\n\n<div class=\"uagb-rest_menu__wrap uagb-rest_menu_repeater  uagb-rm__align-left uagb-rm__desk-column-1 uagb-rm__tablet-column-2 uagb-rm__mobile-column-1 \"><div class=\"uagb-rest_menu__outer-wrap uagb-block-50b9eeb3\"><div class=\" uagb-rm__align-left uagb-rm__desk-column-1 uagb-rm__tablet-column-2 uagb-rm__mobile-column-1 \"><div class=\"uagb-rm__content\"><div class=\"uagb-rm__text-wrap\"><div class=\"uagb-rm-details\"><div class=\"uagb-rm__title-wrap\"><h4 class=\"uagb-rm__title\">Ensalada con lechuga, tomate, zanahoria, cebolla, aguacate y huevo cocido<\/h4><div class=\"uagb-rest-menu-text-wrap\"><div class=\"uagb-rm__desc\"><\/div><\/div><\/div><div class=\"uagb-rm__price-wrap\"><span class=\"uagb-rm__price\"><\/span><\/div><\/div><\/div><\/div><div class=\"uagb-rm__separator-parent\"><div class=\"uagb-rm__separator\"><\/div><\/div><\/div><\/div><\/div>\n<\/div>\n\n\n\n<h2 class=\"has-text-align-center has-contrast-color has-text-color has-background wp-block-heading\" style=\"background-color:#a37c00\"><mark style=\"background-color:rgba(0, 0, 0, 0)\" class=\"has-inline-color has-contrast-color\">Segundos<\/mark><\/h2>\n\n\n\n<div class=\"wp-block-uagb-restaurant-menu uagb-rest_menu__outer-wrap uagb-block-068289e3\">\n<div class=\"uagb-rest_menu__wrap uagb-rest_menu_repeater  uagb-rm__align-left uagb-rm__desk-column-1 uagb-rm__tablet-column-2 uagb-rm__mobile-column-1 \"><div class=\"uagb-rest_menu__outer-wrap uagb-block-a68bc0e3\"><div class=\" uagb-rm__align-left uagb-rm__desk-column-1 uagb-rm__tablet-column-2 uagb-rm__mobile-column-1 \"><div class=\"uagb-rm__content\"><div class=\"uagb-rm__text-wrap\"><div class=\"uagb-rm-details\"><div class=\"uagb-rm__title-wrap\"><h4 class=\"uagb-rm__title\">Salm\u00f3n a la brasa con espinacas al ajillo<\/h4><div class=\"uagb-rest-menu-text-wrap\"><div class=\"uagb-rm__desc\"><\/div><\/div><\/div><div class=\"uagb-rm__price-wrap\"><span class=\"uagb-rm__price\"><\/span><\/div><\/div><\/div><\/div><div class=\"uagb-rm__separator-parent\"><div class=\"uagb-rm__separator\"><\/div><\/div><\/div><\/div><\/div>\n\n\n\n<div class=\"uagb-rest_menu__wrap uagb-rest_menu_repeater  uagb-rm__align-left uagb-rm__desk-column-1 uagb-rm__tablet-column-2 uagb-rm__mobile-column-1 \"><div class=\"uagb-rest_menu__outer-wrap uagb-block-a30ee7da\"><div class=\" uagb-rm__align-left uagb-rm__desk-column-1 uagb-rm__tablet-column-2 uagb-rm__mobile-column-1 \"><div class=\"uagb-rm__content\"><div class=\"uagb-rm__text-wrap\"><div class=\"uagb-rm-details\"><div class=\"uagb-rm__title-wrap\"><h4 class=\"uagb-rm__title\">Estofado de carne al estilo de la abuela<\/h4><div class=\"uagb-rest-menu-text-wrap\"><div class=\"uagb-rm__desc\"><\/div><\/div><\/div><div class=\"uagb-rm__price-wrap\"><span class=\"uagb-rm__price\"><\/span><\/div><\/div><\/div><\/div><div class=\"uagb-rm__separator-parent\"><div class=\"uagb-rm__separator\"><\/div><\/div><\/div><\/div><\/div>\n<\/div>\n\n\n\n<h2 class=\"has-text-align-center has-background wp-block-heading\" style=\"background-color:#a37c00\"><mark style=\"background-color:rgba(0, 0, 0, 0)\" class=\"has-inline-color has-contrast-color\">Postre<\/mark>s<\/h2>\n\n\n\n<div class=\"wp-block-uagb-restaurant-menu uagb-rest_menu__outer-wrap uagb-block-c1a233b7\">\n<div class=\"uagb-rest_menu__wrap uagb-rest_menu_repeater  uagb-rm__align-left uagb-rm__desk-column-1 uagb-rm__tablet-column-2 uagb-rm__mobile-column-1 \"><div class=\"uagb-rest_menu__outer-wrap uagb-block-f4519116\"><div class=\" uagb-rm__align-left uagb-rm__desk-column-1 uagb-rm__tablet-column-2 uagb-rm__mobile-column-1 \"><div class=\"uagb-rm__content\"><div class=\"uagb-rm__text-wrap\"><div class=\"uagb-rm-details\"><div class=\"uagb-rm__title-wrap\"><h4 class=\"uagb-rm__title\">Tiramis\u00fa<\/h4><div class=\"uagb-rest-menu-text-wrap\"><div class=\"uagb-rm__desc\"><\/div><\/div><\/div><div class=\"uagb-rm__price-wrap\"><span class=\"uagb-rm__price\"><\/span><\/div><\/div><\/div><\/div><div class=\"uagb-rm__separator-parent\"><div class=\"uagb-rm__separator\"><\/div><\/div><\/div><\/div><\/div>\n\n\n\n<div class=\"uagb-rest_menu__wrap uagb-rest_menu_repeater  uagb-rm__align-left uagb-rm__desk-column-1 uagb-rm__tablet-column-2 uagb-rm__mobile-column-1 \"><div class=\"uagb-rest_menu__outer-wrap uagb-block-3545408b\"><div class=\" uagb-rm__align-left uagb-rm__desk-column-1 uagb-rm__tablet-column-2 uagb-rm__mobile-column-1 \"><div class=\"uagb-rm__content\"><div class=\"uagb-rm__text-wrap\"><div class=\"uagb-rm-details\"><div class=\"uagb-rm__title-wrap\"><h4 class=\"uagb-rm__title\">Tarta de queso<\/h4><div class=\"uagb-rest-menu-text-wrap\"><div class=\"uagb-rm__desc\"><\/div><\/div><\/div><div class=\"uagb-rm__price-wrap\"><span class=\"uagb-rm__price\"><\/span><\/div><\/div><\/div><\/div><div class=\"uagb-rm__separator-parent\"><div class=\"uagb-rm__separator\"><\/div><\/div><\/div><\/div><\/div>\n<\/div>\n\n\n\n<p class=\"has-text-align-center\">Precios con IVA incluido.<\/p>\n\n\n\n<figure class=\"wp-block-gallery has-nested-images columns-1 is-cropped wp-block-gallery-1 is-layout-flex wp-block-gallery-is-layout-flex\">\n<figure class=\"wp-block-image size-full\"><img decoding=\"async\" width=\"1024\" height=\"712\" data-id=\"5897\" src=\"https:\/\/www.lacartadigital.online\/wp-content\/uploads\/2022\/02\/WhatsApp-Image-2022-02-18-at-10.05.00.jpeg\" alt=\"\" class=\"wp-image-5897\" srcset=\"https:\/\/www.lacartadigital.online\/wp-content\/uploads\/2022\/02\/WhatsApp-Image-2022-02-18-at-10.05.00.jpeg 1024w, https:\/\/www.lacartadigital.online\/wp-content\/uploads\/2022\/02\/WhatsApp-Image-2022-02-18-at-10.05.00-300x209.jpeg 300w, https:\/\/www.lacartadigital.online\/wp-content\/uploads\/2022\/02\/WhatsApp-Image-2022-02-18-at-10.05.00-768x534.jpeg 768w\" sizes=\"(max-width: 1024px) 100vw, 1024px\" \/><\/figure>\n\n\n\n<figure class=\"wp-block-image size-full\"><img decoding=\"async\" width=\"1024\" height=\"682\" data-id=\"5898\" src=\"https:\/\/www.lacartadigital.online\/wp-content\/uploads\/2022\/02\/WhatsApp-Image-2022-02-18-at-10.04.12.jpeg\" alt=\"\" class=\"wp-image-5898\" srcset=\"https:\/\/www.lacartadigital.online\/wp-content\/uploads\/2022\/02\/WhatsApp-Image-2022-02-18-at-10.04.12.jpeg 1024w, https:\/\/www.lacartadigital.online\/wp-content\/uploads\/2022\/02\/WhatsApp-Image-2022-02-18-at-10.04.12-300x200.jpeg 300w, https:\/\/www.lacartadigital.online\/wp-content\/uploads\/2022\/02\/WhatsApp-Image-2022-02-18-at-10.04.12-768x512.jpeg 768w\" sizes=\"(max-width: 1024px) 100vw, 1024px\" \/><\/figure>\n\n\n\n<figure class=\"wp-block-image size-full\"><img loading=\"lazy\" decoding=\"async\" width=\"682\" height=\"1024\" data-id=\"5899\" src=\"https:\/\/www.lacartadigital.online\/wp-content\/uploads\/2022\/02\/WhatsApp-Image-2022-02-18-at-10.04.00.jpeg\" alt=\"\" class=\"wp-image-5899\" srcset=\"https:\/\/www.lacartadigital.online\/wp-content\/uploads\/2022\/02\/WhatsApp-Image-2022-02-18-at-10.04.00.jpeg 682w, https:\/\/www.lacartadigital.online\/wp-content\/uploads\/2022\/02\/WhatsApp-Image-2022-02-18-at-10.04.00-200x300.jpeg 200w\" sizes=\"(max-width: 682px) 100vw, 682px\" \/><\/figure>\n<\/figure>\n\n\n\n<div style=\"height:22px\" aria-hidden=\"true\" class=\"wp-block-spacer\"><\/div>\n\n\n\n<div style=\"height:20px\" aria-hidden=\"true\" class=\"wp-block-spacer\"><\/div>\n\n\n\n<div style=\"height:45px\" aria-hidden=\"true\" class=\"wp-block-spacer\"><\/div>\n\n\n\n<p><\/p>\n\n\n\n<h2 class=\"wp-block-heading\"><\/h2>\n","protected":false},"excerpt":{"rendered":"<p>Men\u00fa del d\u00eda &#8212; 13,90\u20ac Incluye: un primero, un segundo, bebida postre o caf\u00e9 Primeros Segundos Postres Precios con IVA incluido.<\/p>\n","protected":false},"author":1,"featured_media":5789,"parent":0,"menu_order":0,"comment_status":"closed","ping_status":"closed","template":"","meta":{"_mi_skip_tracking":false,"footnotes":""},"class_list":["post-9196","page","type-page","status-publish","has-post-thumbnail"],"yoast_head":"<!-- This site is optimized with the Yoast SEO plugin v18.6 - https:\/\/yoast.com\/wordpress\/plugins\/seo\/ -->\n<title>le\u00f1a_menu_del_dia - La Carta Digital<\/title>\n<meta name=\"robots\" content=\"index, follow, max-snippet:-1, max-image-preview:large, max-video-preview:-1\" \/>\n<link rel=\"canonical\" href=\"https:\/\/www.lacartadigital.online\/index.php\/lena_menu_del_dia\/\" \/>\n<meta property=\"og:locale\" content=\"es_ES\" \/>\n<meta property=\"og:type\" content=\"article\" \/>\n<meta property=\"og:title\" content=\"le\u00f1a_menu_del_dia - La Carta Digital\" \/>\n<meta property=\"og:description\" content=\"Men\u00fa del d\u00eda &#8212; 13,90\u20ac Incluye: un primero, un segundo, bebida postre o caf\u00e9 Primeros Segundos Postres Precios con IVA incluido.\" \/>\n<meta property=\"og:url\" content=\"https:\/\/www.lacartadigital.online\/index.php\/lena_menu_del_dia\/\" \/>\n<meta property=\"og:site_name\" content=\"La Carta Digital\" \/>\n<meta property=\"article:modified_time\" content=\"2023-08-04T10:00:25+00:00\" \/>\n<meta property=\"og:image\" content=\"https:\/\/www.lacartadigital.online\/wp-content\/uploads\/2022\/02\/WhatsApp-Image-2022-02-10-at-18.44.49.jpeg\" \/>\n\t<meta property=\"og:image:width\" content=\"989\" \/>\n\t<meta property=\"og:image:height\" content=\"1024\" \/>\n\t<meta property=\"og:image:type\" content=\"image\/jpeg\" \/>\n<meta name=\"twitter:card\" content=\"summary_large_image\" \/>\n<meta name=\"twitter:label1\" content=\"Tiempo de lectura\" \/>\n\t<meta name=\"twitter:data1\" content=\"2 minutos\" \/>\n<script type=\"application\/ld+json\" class=\"yoast-schema-graph\">{\"@context\":\"https:\/\/schema.org\",\"@graph\":[{\"@type\":\"WebSite\",\"@id\":\"https:\/\/www.lacartadigital.online\/#website\",\"url\":\"https:\/\/www.lacartadigital.online\/\",\"name\":\"La Carta Digital\",\"description\":\"\",\"potentialAction\":[{\"@type\":\"SearchAction\",\"target\":{\"@type\":\"EntryPoint\",\"urlTemplate\":\"https:\/\/www.lacartadigital.online\/?s={search_term_string}\"},\"query-input\":\"required name=search_term_string\"}],\"inLanguage\":\"es\"},{\"@type\":\"ImageObject\",\"@id\":\"https:\/\/www.lacartadigital.online\/index.php\/lena_menu_del_dia\/#primaryimage\",\"inLanguage\":\"es\",\"url\":\"https:\/\/www.lacartadigital.online\/wp-content\/uploads\/2022\/02\/WhatsApp-Image-2022-02-10-at-18.44.49.jpeg\",\"contentUrl\":\"https:\/\/www.lacartadigital.online\/wp-content\/uploads\/2022\/02\/WhatsApp-Image-2022-02-10-at-18.44.49.jpeg\",\"width\":989,\"height\":1024},{\"@type\":\"WebPage\",\"@id\":\"https:\/\/www.lacartadigital.online\/index.php\/lena_menu_del_dia\/#webpage\",\"url\":\"https:\/\/www.lacartadigital.online\/index.php\/lena_menu_del_dia\/\",\"name\":\"le\u00f1a_menu_del_dia - La Carta Digital\",\"isPartOf\":{\"@id\":\"https:\/\/www.lacartadigital.online\/#website\"},\"primaryImageOfPage\":{\"@id\":\"https:\/\/www.lacartadigital.online\/index.php\/lena_menu_del_dia\/#primaryimage\"},\"datePublished\":\"2023-05-24T12:00:08+00:00\",\"dateModified\":\"2023-08-04T10:00:25+00:00\",\"breadcrumb\":{\"@id\":\"https:\/\/www.lacartadigital.online\/index.php\/lena_menu_del_dia\/#breadcrumb\"},\"inLanguage\":\"es\",\"potentialAction\":[{\"@type\":\"ReadAction\",\"target\":[\"https:\/\/www.lacartadigital.online\/index.php\/lena_menu_del_dia\/\"]}]},{\"@type\":\"BreadcrumbList\",\"@id\":\"https:\/\/www.lacartadigital.online\/index.php\/lena_menu_del_dia\/#breadcrumb\",\"itemListElement\":[{\"@type\":\"ListItem\",\"position\":1,\"name\":\"Portada\",\"item\":\"https:\/\/www.lacartadigital.online\/\"},{\"@type\":\"ListItem\",\"position\":2,\"name\":\"le\u00f1a_menu_del_dia\"}]}]}<\/script>\n<!-- \/ Yoast SEO plugin. -->","yoast_head_json":{"title":"le\u00f1a_menu_del_dia - La Carta Digital","robots":{"index":"index","follow":"follow","max-snippet":"max-snippet:-1","max-image-preview":"max-image-preview:large","max-video-preview":"max-video-preview:-1"},"canonical":"https:\/\/www.lacartadigital.online\/index.php\/lena_menu_del_dia\/","og_locale":"es_ES","og_type":"article","og_title":"le\u00f1a_menu_del_dia - La Carta Digital","og_description":"Men\u00fa del d\u00eda &#8212; 13,90\u20ac Incluye: un primero, un segundo, bebida postre o caf\u00e9 Primeros Segundos Postres Precios con IVA incluido.","og_url":"https:\/\/www.lacartadigital.online\/index.php\/lena_menu_del_dia\/","og_site_name":"La Carta Digital","article_modified_time":"2023-08-04T10:00:25+00:00","og_image":[{"width":989,"height":1024,"url":"https:\/\/www.lacartadigital.online\/wp-content\/uploads\/2022\/02\/WhatsApp-Image-2022-02-10-at-18.44.49.jpeg","type":"image\/jpeg"}],"twitter_card":"summary_large_image","twitter_misc":{"Tiempo de lectura":"2 minutos"},"schema":{"@context":"https:\/\/schema.org","@graph":[{"@type":"WebSite","@id":"https:\/\/www.lacartadigital.online\/#website","url":"https:\/\/www.lacartadigital.online\/","name":"La Carta Digital","description":"","potentialAction":[{"@type":"SearchAction","target":{"@type":"EntryPoint","urlTemplate":"https:\/\/www.lacartadigital.online\/?s={search_term_string}"},"query-input":"required name=search_term_string"}],"inLanguage":"es"},{"@type":"ImageObject","@id":"https:\/\/www.lacartadigital.online\/index.php\/lena_menu_del_dia\/#primaryimage","inLanguage":"es","url":"https:\/\/www.lacartadigital.online\/wp-content\/uploads\/2022\/02\/WhatsApp-Image-2022-02-10-at-18.44.49.jpeg","contentUrl":"https:\/\/www.lacartadigital.online\/wp-content\/uploads\/2022\/02\/WhatsApp-Image-2022-02-10-at-18.44.49.jpeg","width":989,"height":1024},{"@type":"WebPage","@id":"https:\/\/www.lacartadigital.online\/index.php\/lena_menu_del_dia\/#webpage","url":"https:\/\/www.lacartadigital.online\/index.php\/lena_menu_del_dia\/","name":"le\u00f1a_menu_del_dia - La Carta Digital","isPartOf":{"@id":"https:\/\/www.lacartadigital.online\/#website"},"primaryImageOfPage":{"@id":"https:\/\/www.lacartadigital.online\/index.php\/lena_menu_del_dia\/#primaryimage"},"datePublished":"2023-05-24T12:00:08+00:00","dateModified":"2023-08-04T10:00:25+00:00","breadcrumb":{"@id":"https:\/\/www.lacartadigital.online\/index.php\/lena_menu_del_dia\/#breadcrumb"},"inLanguage":"es","potentialAction":[{"@type":"ReadAction","target":["https:\/\/www.lacartadigital.online\/index.php\/lena_menu_del_dia\/"]}]},{"@type":"BreadcrumbList","@id":"https:\/\/www.lacartadigital.online\/index.php\/lena_menu_del_dia\/#breadcrumb","itemListElement":[{"@type":"ListItem","position":1,"name":"Portada","item":"https:\/\/www.lacartadigital.online\/"},{"@type":"ListItem","position":2,"name":"le\u00f1a_menu_del_dia"}]}]}},"uagb_featured_image_src":{"full":["https:\/\/www.lacartadigital.online\/wp-content\/uploads\/2022\/02\/WhatsApp-Image-2022-02-10-at-18.44.49.jpeg",989,1024,false],"thumbnail":["https:\/\/www.lacartadigital.online\/wp-content\/uploads\/2022\/02\/WhatsApp-Image-2022-02-10-at-18.44.49-150x150.jpeg",150,150,true],"medium":["https:\/\/www.lacartadigital.online\/wp-content\/uploads\/2022\/02\/WhatsApp-Image-2022-02-10-at-18.44.49-290x300.jpeg",290,300,true],"medium_large":["https:\/\/www.lacartadigital.online\/wp-content\/uploads\/2022\/02\/WhatsApp-Image-2022-02-10-at-18.44.49-768x795.jpeg",768,795,true],"large":["https:\/\/www.lacartadigital.online\/wp-content\/uploads\/2022\/02\/WhatsApp-Image-2022-02-10-at-18.44.49.jpeg",989,1024,false],"1536x1536":["https:\/\/www.lacartadigital.online\/wp-content\/uploads\/2022\/02\/WhatsApp-Image-2022-02-10-at-18.44.49.jpeg",989,1024,false],"2048x2048":["https:\/\/www.lacartadigital.online\/wp-content\/uploads\/2022\/02\/WhatsApp-Image-2022-02-10-at-18.44.49.jpeg",989,1024,false]},"uagb_author_info":{"display_name":"admin","author_link":"https:\/\/www.lacartadigital.online\/index.php\/author\/admin\/"},"uagb_comment_info":0,"uagb_excerpt":"Men\u00fa del d\u00eda &#8212; 13,90\u20ac Incluye: un primero, un segundo, bebida postre o caf\u00e9 Primeros Segundos Postres Precios con IVA incluido.","_links":{"self":[{"href":"https:\/\/www.lacartadigital.online\/index.php\/wp-json\/wp\/v2\/pages\/9196","targetHints":{"allow":["GET"]}}],"collection":[{"href":"https:\/\/www.lacartadigital.online\/index.php\/wp-json\/wp\/v2\/pages"}],"about":[{"href":"https:\/\/www.lacartadigital.online\/index.php\/wp-json\/wp\/v2\/types\/page"}],"author":[{"embeddable":true,"href":"https:\/\/www.lacartadigital.online\/index.php\/wp-json\/wp\/v2\/users\/1"}],"replies":[{"embeddable":true,"href":"https:\/\/www.lacartadigital.online\/index.php\/wp-json\/wp\/v2\/comments?post=9196"}],"version-history":[{"count":43,"href":"https:\/\/www.lacartadigital.online\/index.php\/wp-json\/wp\/v2\/pages\/9196\/revisions"}],"predecessor-version":[{"id":9533,"href":"https:\/\/www.lacartadigital.online\/index.php\/wp-json\/wp\/v2\/pages\/9196\/revisions\/9533"}],"wp:featuredmedia":[{"embeddable":true,"href":"https:\/\/www.lacartadigital.online\/index.php\/wp-json\/wp\/v2\/media\/5789"}],"wp:attachment":[{"href":"https:\/\/www.lacartadigital.online\/index.php\/wp-json\/wp\/v2\/media?parent=9196"}],"curies":[{"name":"wp","href":"https:\/\/api.w.org\/{rel}","templated":true}]}}